{"id":1237,"date":"2025-04-15T21:57:02","date_gmt":"2025-04-15T21:57:02","guid":{"rendered":"https:\/\/eventrent.az\/?post_type=product&#038;p=1237"},"modified":"2025-04-15T21:57:28","modified_gmt":"2025-04-15T21:57:28","slug":"stage-podyum","status":"publish","type":"product","link":"https:\/\/eventrent.az\/index.php\/product\/stage-podyum\/","title":{"rendered":"Stage (podium)"},"content":{"rendered":"","protected":false},"excerpt":{"rendered":"<p>M\u00fcxt\u0259lif \u00f6l\u00e7\u00fcl\u0259rd\u0259 t\u0259qdim etdiyimiz podyumlar konsertl\u0259rd\u0259n tutmu\u015f d\u0259b n\u00fcmayi\u015fl\u0259rin\u0259, t\u0259qdimatlardan korporativ t\u0259dbirl\u0259r\u0259 q\u0259d\u0259r geni\u015f istifad\u0259 sah\u0259sin\u0259 malikdir. Keyfiyy\u0259tli materiallardan haz\u0131rlanm\u0131\u015f podyumlar\u0131m\u0131z ist\u0259nil\u0259n m\u0259kan v\u0259 ssenariy\u0259 uy\u011fun \u015f\u0259kild\u0259 qura\u015fd\u0131r\u0131l\u0131r v\u0259 t\u0259dbiriniz\u0259 pe\u015f\u0259kar g\u00f6r\u00fcn\u00fc\u015f b\u0259x\u015f edir.<\/p>\n","protected":false},"featured_media":1239,"comment_status":"open","ping_status":"closed","template":"","meta":[],"product_brand":[],"product_cat":[57],"product_tag":[],"class_list":{"0":"post-1237","1":"product","2":"type-product","3":"status-publish","4":"has-post-thumbnail","6":"product_cat-podyum","8":"first","9":"instock","10":"shipping-taxable","11":"product-type-external"},"_links":{"self":[{"href":"https:\/\/eventrent.az\/index.php\/wp-json\/wp\/v2\/product\/1237","targetHints":{"allow":["GET"]}}],"collection":[{"href":"https:\/\/eventrent.az\/index.php\/wp-json\/wp\/v2\/product"}],"about":[{"href":"https:\/\/eventrent.az\/index.php\/wp-json\/wp\/v2\/types\/product"}],"replies":[{"embeddable":true,"href":"https:\/\/eventrent.az\/index.php\/wp-json\/wp\/v2\/comments?post=1237"}],"wp:featuredmedia":[{"embeddable":true,"href":"https:\/\/eventrent.az\/index.php\/wp-json\/wp\/v2\/media\/1239"}],"wp:attachment":[{"href":"https:\/\/eventrent.az\/index.php\/wp-json\/wp\/v2\/media?parent=1237"}],"wp:term":[{"taxonomy":"product_brand","embeddable":true,"href":"https:\/\/eventrent.az\/index.php\/wp-json\/wp\/v2\/product_brand?post=1237"},{"taxonomy":"product_cat","embeddable":true,"href":"https:\/\/eventrent.az\/index.php\/wp-json\/wp\/v2\/product_cat?post=1237"},{"taxonomy":"product_tag","embeddable":true,"href":"https:\/\/eventrent.az\/index.php\/wp-json\/wp\/v2\/product_tag?post=1237"}],"curies":[{"name":"wp","href":"https:\/\/api.w.org\/{rel}","templated":true}]}}