{"id":1232,"date":"2025-04-15T21:34:11","date_gmt":"2025-04-15T21:34:11","guid":{"rendered":"https:\/\/eventrent.az\/?post_type=product&#038;p=1232"},"modified":"2025-05-06T07:01:37","modified_gmt":"2025-05-06T07:01:37","slug":"chadir-24m-x-24m-cha008","status":"publish","type":"product","link":"https:\/\/eventrent.az\/index.php\/product\/chadir-24m-x-24m-cha008\/","title":{"rendered":"\u00c7ad\u0131r 24m x 24m &#8211; CHA008"},"content":{"rendered":"","protected":false},"excerpt":{"rendered":"<p>\u00c7ad\u0131r kiray\u0259si prosesi zaman\u0131 Eventrent m\u00fc\u015ft\u0259ri y\u00f6n\u00fcml\u00fc xidm\u0259t t\u0259klif edir v\u0259 t\u0259\u015fkilat\u0131n\u0131z\u0131n ehtiyaclar\u0131na uy\u011fun h\u0259ll\u0259r t\u0259klif edir. Siz m\u00fcxt\u0259lif xidm\u0259t paketl\u0259ri aras\u0131ndan se\u00e7im ed\u0259 v\u0259 \u00e7ad\u0131r\u0131n daxili avadanl\u0131\u011f\u0131, mebel v\u0259 i\u015f\u0131qland\u0131rma sisteml\u0259ri kimi detallar\u0131 f\u0259rdil\u0259\u015fdir\u0259r\u0259k t\u0259dbirinizi f\u0259rdil\u0259\u015fdir\u0259 bil\u0259rsiniz.<\/p>\n<p>Qura\u015fd\u0131rma v\u0259 demontaj prosesl\u0259rind\u0259 m\u00fct\u0259x\u0259ssis qruplar t\u0259r\u0259find\u0259n idar\u0259 olunan Eventrent t\u0259dbird\u0259n \u0259vv\u0259l v\u0259 sonra h\u0259r bir detal\u0131 sizin \u00fc\u00e7\u00fcn d\u00fc\u015f\u00fcn\u00fcr. Biz sizin ad\u0131n\u0131za icaz\u0259 v\u0259 s\u0259n\u0259dl\u0259rd\u0259n s\u0131\u011forta v\u0259 t\u0259hl\u00fck\u0259sizlik t\u0259dbirl\u0259rin\u0259 q\u0259d\u0259r prosesl\u0259ri idar\u0259 edirik ki, t\u0259\u015fkilat\u0131n\u0131zdan h\u0259zz alas\u0131n\u0131z.<\/p>\n<p>Eventrent \u00e7ad\u0131r icar\u0259si xidm\u0259ti \u0259vv\u0259lki m\u00fc\u015ft\u0259ril\u0259rin m\u00fcsb\u0259t t\u0259cr\u00fcb\u0259l\u0259ri il\u0259 d\u0259st\u0259kl\u0259nir. \u0130stinadlar v\u0259 r\u0259yl\u0259r t\u0259\u015fkilat\u0131n keyfiyy\u0259tini v\u0259 m\u00fc\u015ft\u0259ri m\u0259mnuniyy\u0259tini \u0259ks etdirir ki, bu da sizin \u00fc\u00e7\u00fcn d\u00fczg\u00fcn se\u00e7im etm\u0259y\u0259 k\u00f6m\u0259k ed\u0259 bil\u0259r.<\/p>\n","protected":false},"featured_media":1484,"comment_status":"open","ping_status":"closed","template":"","meta":[],"product_brand":[],"product_cat":[62],"product_tag":[],"class_list":{"0":"post-1232","1":"product","2":"type-product","3":"status-publish","4":"has-post-thumbnail","6":"product_cat-chadir","8":"first","9":"instock","10":"shipping-taxable","11":"product-type-simple"},"_links":{"self":[{"href":"https:\/\/eventrent.az\/index.php\/wp-json\/wp\/v2\/product\/1232","targetHints":{"allow":["GET"]}}],"collection":[{"href":"https:\/\/eventrent.az\/index.php\/wp-json\/wp\/v2\/product"}],"about":[{"href":"https:\/\/eventrent.az\/index.php\/wp-json\/wp\/v2\/types\/product"}],"replies":[{"embeddable":true,"href":"https:\/\/eventrent.az\/index.php\/wp-json\/wp\/v2\/comments?post=1232"}],"wp:featuredmedia":[{"embeddable":true,"href":"https:\/\/eventrent.az\/index.php\/wp-json\/wp\/v2\/media\/1484"}],"wp:attachment":[{"href":"https:\/\/eventrent.az\/index.php\/wp-json\/wp\/v2\/media?parent=1232"}],"wp:term":[{"taxonomy":"product_brand","embeddable":true,"href":"https:\/\/eventrent.az\/index.php\/wp-json\/wp\/v2\/product_brand?post=1232"},{"taxonomy":"product_cat","embeddable":true,"href":"https:\/\/eventrent.az\/index.php\/wp-json\/wp\/v2\/product_cat?post=1232"},{"taxonomy":"product_tag","embeddable":true,"href":"https:\/\/eventrent.az\/index.php\/wp-json\/wp\/v2\/product_tag?post=1232"}],"curies":[{"name":"wp","href":"https:\/\/api.w.org\/{rel}","templated":true}]}}