{"id":1215,"date":"2025-04-15T21:14:13","date_gmt":"2025-04-15T21:14:13","guid":{"rendered":"https:\/\/eventrent.az\/?post_type=product&#038;p=1215"},"modified":"2025-05-06T06:54:46","modified_gmt":"2025-05-06T06:54:46","slug":"chadir-5x5-cha005","status":"publish","type":"product","link":"https:\/\/eventrent.az\/index.php\/product\/chadir-5x5-cha005\/","title":{"rendered":"\u00c7ad\u0131r 5&#215;5 &#8211; CHA005"},"content":{"rendered":"","protected":false},"excerpt":{"rendered":"<p>Forma: kvadrat.<br \/>\nSah\u0259: 25 m\u00b2.<br \/>\nUzunluq: 5 m.<br \/>\nEni: 5 m.<br \/>\nGiri\u015f ta\u011f\u0131n\u0131n h\u00fcnd\u00fcrl\u00fcy\u00fc: t\u0259nziml\u0259nir (2,9 m-d\u0259n 4,4 m-\u0259 q\u0259d\u0259r).<br \/>\nZirv\u0259 h\u00fcnd\u00fcrl\u00fcy\u00fc: t\u0259nziml\u0259nir (2,4 m-d\u0259n 3,9 m-\u0259 q\u0259d\u0259r).<br \/>\n\u00c7\u0259kisi v\u0259 y\u00fck x\u00fcsusiyy\u0259tl\u0259ri:<br \/>\nKonstruksiyan\u0131n \u00e7\u0259kisi: 270 kq.<br \/>\nBir dayaq n\u00f6qt\u0259sin\u0259 d\u00fc\u015f\u0259n y\u00fck: 68 kq.<br \/>\nTa\u011f \u00fczr\u0259 as\u0131lma y\u00fck\u00fc: 10 kq\/paqon metr.<br \/>\nY\u00fckl\u0259m\u0259 x\u00fcsusiyy\u0259tl\u0259ri:<br \/>\nK\u00fcl\u0259k y\u00fckl\u0259nm\u0259si:\u00a024\u00a0m\/s-\u0259\u00a0q\u0259d\u0259r.<\/p>\n","protected":false},"featured_media":1478,"comment_status":"open","ping_status":"closed","template":"","meta":[],"product_brand":[],"product_cat":[62],"product_tag":[],"class_list":{"0":"post-1215","1":"product","2":"type-product","3":"status-publish","4":"has-post-thumbnail","6":"product_cat-chadir","8":"first","9":"instock","10":"shipping-taxable","11":"product-type-external"},"_links":{"self":[{"href":"https:\/\/eventrent.az\/index.php\/wp-json\/wp\/v2\/product\/1215","targetHints":{"allow":["GET"]}}],"collection":[{"href":"https:\/\/eventrent.az\/index.php\/wp-json\/wp\/v2\/product"}],"about":[{"href":"https:\/\/eventrent.az\/index.php\/wp-json\/wp\/v2\/types\/product"}],"replies":[{"embeddable":true,"href":"https:\/\/eventrent.az\/index.php\/wp-json\/wp\/v2\/comments?post=1215"}],"wp:featuredmedia":[{"embeddable":true,"href":"https:\/\/eventrent.az\/index.php\/wp-json\/wp\/v2\/media\/1478"}],"wp:attachment":[{"href":"https:\/\/eventrent.az\/index.php\/wp-json\/wp\/v2\/media?parent=1215"}],"wp:term":[{"taxonomy":"product_brand","embeddable":true,"href":"https:\/\/eventrent.az\/index.php\/wp-json\/wp\/v2\/product_brand?post=1215"},{"taxonomy":"product_cat","embeddable":true,"href":"https:\/\/eventrent.az\/index.php\/wp-json\/wp\/v2\/product_cat?post=1215"},{"taxonomy":"product_tag","embeddable":true,"href":"https:\/\/eventrent.az\/index.php\/wp-json\/wp\/v2\/product_tag?post=1215"}],"curies":[{"name":"wp","href":"https:\/\/api.w.org\/{rel}","templated":true}]}}