{"id":1196,"date":"2025-04-15T20:44:30","date_gmt":"2025-04-15T20:44:30","guid":{"rendered":"https:\/\/eventrent.az\/?post_type=product&#038;p=1196"},"modified":"2025-04-28T08:22:55","modified_gmt":"2025-04-28T08:22:55","slug":"chadir-ch001","status":"publish","type":"product","link":"https:\/\/eventrent.az\/index.php\/product\/chadir-ch001\/","title":{"rendered":"\u00c7ad\u0131r 3m x 3m- CH001"},"content":{"rendered":"","protected":false},"excerpt":{"rendered":"<p>Forma v\u0259 \u00f6l\u00e7\u00fcl\u0259r: 3*3m<br \/>\n\u018fsas: kvadrat.<br \/>\nGiri\u015f ta\u011f\u0131n\u0131n (dayaqlar\u0131n) h\u00fcnd\u00fcrl\u00fcy\u00fc: 2,5 m.<br \/>\nZirv\u0259 h\u00fcnd\u00fcrl\u00fcy\u00fc: 5,7 m.<br \/>\n\u00c7\u0259kisi v\u0259 tutumu:<br \/>\nKonstruksiyan\u0131n \u00e7\u0259kisi: 220 kq.<br \/>\nTutumu: 16 n\u0259f\u0259r\u0259 q\u0259d\u0259r.<br \/>\nMateriallar:<br \/>\n\u00c7\u0259r\u00e7iv\u0259: anodla\u015fd\u0131r\u0131lm\u0131\u015f al\u00fcminium<br \/>\nK\u00fcl\u0259k y\u00fckl\u0259nm\u0259si: 24 m\/s-\u0259 q\u0259d\u0259r.<br \/>\nQar y\u00fckl\u0259nm\u0259si: 80 kq\/m\u00b2-\u0259 q\u0259d\u0259r.<br \/>\nTa\u011fa maksimum y\u00fckl\u0259nm\u0259: 24 kq\/paqon metr.<\/p>\n","protected":false},"featured_media":1197,"comment_status":"open","ping_status":"closed","template":"","meta":[],"product_brand":[],"product_cat":[62],"product_tag":[60,59,61],"class_list":{"0":"post-1196","1":"product","2":"type-product","3":"status-publish","4":"has-post-thumbnail","6":"product_cat-chadir","7":"product_tag-3m-x-3m","8":"product_tag-cadir","9":"product_tag-tent","11":"first","12":"instock","13":"shipping-taxable","14":"product-type-external"},"_links":{"self":[{"href":"https:\/\/eventrent.az\/index.php\/wp-json\/wp\/v2\/product\/1196","targetHints":{"allow":["GET"]}}],"collection":[{"href":"https:\/\/eventrent.az\/index.php\/wp-json\/wp\/v2\/product"}],"about":[{"href":"https:\/\/eventrent.az\/index.php\/wp-json\/wp\/v2\/types\/product"}],"replies":[{"embeddable":true,"href":"https:\/\/eventrent.az\/index.php\/wp-json\/wp\/v2\/comments?post=1196"}],"wp:featuredmedia":[{"embeddable":true,"href":"https:\/\/eventrent.az\/index.php\/wp-json\/wp\/v2\/media\/1197"}],"wp:attachment":[{"href":"https:\/\/eventrent.az\/index.php\/wp-json\/wp\/v2\/media?parent=1196"}],"wp:term":[{"taxonomy":"product_brand","embeddable":true,"href":"https:\/\/eventrent.az\/index.php\/wp-json\/wp\/v2\/product_brand?post=1196"},{"taxonomy":"product_cat","embeddable":true,"href":"https:\/\/eventrent.az\/index.php\/wp-json\/wp\/v2\/product_cat?post=1196"},{"taxonomy":"product_tag","embeddable":true,"href":"https:\/\/eventrent.az\/index.php\/wp-json\/wp\/v2\/product_tag?post=1196"}],"curies":[{"name":"wp","href":"https:\/\/api.w.org\/{rel}","templated":true}]}}