{"id":1112,"date":"2025-04-04T06:25:13","date_gmt":"2025-04-04T06:25:13","guid":{"rendered":"https:\/\/eventrent.az\/?post_type=product&#038;p=1112"},"modified":"2025-04-04T06:28:41","modified_gmt":"2025-04-04T06:28:41","slug":"sehne-paketi-model-s001s001","status":"publish","type":"product","link":"https:\/\/eventrent.az\/index.php\/product\/sehne-paketi-model-s001s001\/","title":{"rendered":"S\u0259hn\u0259 paketi &#8211; model S001S001"},"content":{"rendered":"","protected":false},"excerpt":{"rendered":"<h4>S\u0259hn\u0259 paketin\u0259 daxildir:<\/h4>\n<ul>\n<li>Monitor &#8211; 15 kv.m &#8211; 5m x 3m<\/li>\n<li>Podyum &#8211; 15 kv.m &#8211; 5m x 3m<\/li>\n<li>S\u0259s g\u00fccl\u0259ndiricil\u0259r &#8211; 6 \u0259d\u0259d<\/li>\n<li>Monitor &#8211; 6 \u0259d\u0259d<\/li>\n<li>Mikrafon &#8211; 2 \u0259d\u0259d<\/li>\n<li>Led robot &#8211; 8 \u0259d\u0259d<\/li>\n<\/ul>\n<p>&nbsp;<\/p>\n<h4>Texniki hey\u0259t<\/h4>\n<ul>\n<li>S\u0259s rejisoru<\/li>\n<li>G\u00f6r\u00fcnt\u00fc rejisoru<\/li>\n<\/ul>\n","protected":false},"featured_media":1090,"comment_status":"open","ping_status":"closed","template":"","meta":[],"product_brand":[],"product_cat":[53,54,57,55],"product_tag":[],"class_list":{"0":"post-1112","1":"product","2":"type-product","3":"status-publish","4":"has-post-thumbnail","6":"product_cat-led-isiqlar","7":"product_cat-led-monitor","8":"product_cat-podyum","9":"product_cat-ses-sistemleri","11":"first","12":"instock","13":"shipping-taxable","14":"product-type-external"},"_links":{"self":[{"href":"https:\/\/eventrent.az\/index.php\/wp-json\/wp\/v2\/product\/1112","targetHints":{"allow":["GET"]}}],"collection":[{"href":"https:\/\/eventrent.az\/index.php\/wp-json\/wp\/v2\/product"}],"about":[{"href":"https:\/\/eventrent.az\/index.php\/wp-json\/wp\/v2\/types\/product"}],"replies":[{"embeddable":true,"href":"https:\/\/eventrent.az\/index.php\/wp-json\/wp\/v2\/comments?post=1112"}],"wp:featuredmedia":[{"embeddable":true,"href":"https:\/\/eventrent.az\/index.php\/wp-json\/wp\/v2\/media\/1090"}],"wp:attachment":[{"href":"https:\/\/eventrent.az\/index.php\/wp-json\/wp\/v2\/media?parent=1112"}],"wp:term":[{"taxonomy":"product_brand","embeddable":true,"href":"https:\/\/eventrent.az\/index.php\/wp-json\/wp\/v2\/product_brand?post=1112"},{"taxonomy":"product_cat","embeddable":true,"href":"https:\/\/eventrent.az\/index.php\/wp-json\/wp\/v2\/product_cat?post=1112"},{"taxonomy":"product_tag","embeddable":true,"href":"https:\/\/eventrent.az\/index.php\/wp-json\/wp\/v2\/product_tag?post=1112"}],"curies":[{"name":"wp","href":"https:\/\/api.w.org\/{rel}","templated":true}]}}