{"id":595,"date":"2022-09-21T06:47:37","date_gmt":"2022-09-21T06:47:37","guid":{"rendered":"https:\/\/themexriver.com\/wp\/bloxic\/?page_id=595"},"modified":"2025-05-05T09:55:35","modified_gmt":"2025-05-05T09:55:35","slug":"about","status":"publish","type":"page","link":"https:\/\/eventrent.az\/index.php\/about\/","title":{"rendered":"About"},"content":{"rendered":"\t\t<div data-elementor-type=\"wp-page\" data-elementor-id=\"595\" class=\"elementor elementor-595\">\n\t\t\t\t\t\t<section class=\"elementor-section elementor-top-section elementor-element elementor-element-6901954 elementor-section-full_width elementor-section-height-default elementor-section-height-default\" data-id=\"6901954\" data-element_type=\"section\">\n\t\t\t\t\t\t<div class=\"elementor-container elementor-column-gap-no\">\n\t\t\t\t\t<div class=\"elementor-column elementor-col-100 elementor-top-column elementor-element elementor-element-0b9d511\" data-id=\"0b9d511\" data-element_type=\"column\">\n\t\t\t<div class=\"elementor-widget-wrap elementor-element-populated\">\n\t\t\t\t\t\t<div class=\"elementor-element elementor-element-84d465c elementor-widget elementor-widget-blox-breadcrumb-id\" data-id=\"84d465c\" data-element_type=\"widget\" data-widget_type=\"blox-breadcrumb-id.default\">\n\t\t\t\t<div class=\"elementor-widget-container\">\n\t\t\t\t\t    <!-- Page Title -->\r\n    <section class=\"page-title\">\r\n        <div class=\"auto-container\">\r\n\t\t\t<h2>\r\n                Haqq\u0131m\u0131zda            <\/h2>\r\n\t\t\t<ul class=\"bread-crumb clearfix\"><li><a href=\"https:\/\/eventrent.az\/\">Home &nbsp;<\/a><\/li><li><a href=\"https:\/\/eventrent.az\/index.php\/about\/\">About<\/a><\/li><\/ul>        <\/div>\r\n    <\/section>\r\n    <!-- End Page Title -->\r\n    \t\t\t\t<\/div>\n\t\t\t\t<\/div>\n\t\t\t\t\t<\/div>\n\t\t<\/div>\n\t\t\t\t\t<\/div>\n\t\t<\/section>\n\t\t\t\t<section class=\"elementor-section elementor-top-section elementor-element elementor-element-8e57d26 elementor-section-full_width elementor-section-height-default elementor-section-height-default\" data-id=\"8e57d26\" data-element_type=\"section\">\n\t\t\t\t\t\t<div class=\"elementor-container elementor-column-gap-no\">\n\t\t\t\t\t<div class=\"elementor-column elementor-col-100 elementor-top-column elementor-element elementor-element-bbe5ae7\" data-id=\"bbe5ae7\" data-element_type=\"column\">\n\t\t\t<div class=\"elementor-widget-wrap elementor-element-populated\">\n\t\t\t\t\t\t<div class=\"elementor-element elementor-element-24eca92 elementor-invisible elementor-widget elementor-widget-blox-about-id\" data-id=\"24eca92\" data-element_type=\"widget\" data-settings=\"{&quot;_animation&quot;:&quot;slideInUp&quot;}\" data-widget_type=\"blox-about-id.default\">\n\t\t\t\t<div class=\"elementor-widget-container\">\n\t\t\t\t\t    <!-- About Section -->\r\n\t<section class=\"about-section\">\r\n\t\t<div class=\"auto-container\">\r\n\t\t\t<div class=\"row clearfix\">\r\n\t\t\t\r\n\t\t\t\t<!-- Image Column -->\r\n\t\t\t\t<div class=\"image-column col-lg-6 col-md-12 col-sm-12\">\r\n\t\t\t\t\t<div class=\"inner-column\">\r\n\t\t\t\t\t\t<div class=\"image\">\r\n                            \t\t\t\t\t\t\t    <img decoding=\"async\" src=\"https:\/\/eventrent.az\/wp-content\/uploads\/2025\/05\/White-and-Green-Simple-Professional-Business-Project-Presentation.png\" alt=\"\" \/>\r\n                            \t\t\t\t\t\t\t\r\n\t\t\t\t\t\t\t<!-- Email Box -->\r\n                            \t\t\t\t\t\t\t<!-- Experiance Box -->\r\n\t\t\t\t\t\t\t<div class=\"experiance\">\r\n\t\t\t\t\t\t\t\t<div class=\"counter\"><span class=\"odometer\" data-count=\"\"><\/span> <\/div>\r\n                                \t\t\t\t\t\t\t\t    <span class=\"years\">+14  illik t\u0259cr\u00fcb\u0259<\/span>\r\n                                \t\t\t\t\t\t\t<\/div>\r\n\t\t\t\t\t\t<\/div>\r\n\t\t\t\t\t<\/div>\r\n\t\t\t\t<\/div>\r\n\t\t\t\t\r\n\t\t\t\t<!-- content Column -->\r\n\t\t\t\t<div class=\"content-column col-lg-6 col-md-12 col-sm-12\">\r\n\t\t\t\t\t<div class=\"inner-column\">\r\n                        \t\t\t\t\t\t    <div class=\"title\">Haqq\u0131m\u0131zda<\/div>\r\n                                                \t\t\t\t\t\t    <h2>T\u0259dbiriniz \u00fc\u00e7\u00fcn h\u0259r \u015fey <br> <\/h2>\r\n                        \r\n                        \t\t\t\t\t\t    <div class=\"text\">Eventrent, t\u0259dbir avadanl\u0131qlar\u0131 v\u0259 xidm\u0259tl\u0259rinin icar\u0259sini r\u0259q\u0259msalla\u015fd\u0131raraq bu sah\u0259y\u0259 innovativ yana\u015fma g\u0259tir\u0259n m\u00fcasir platformad\u0131r. \n\nPlatforma, t\u0259dbir t\u0259\u015fkilat\u00e7\u0131lar\u0131 il\u0259 t\u0259chizat\u00e7\u0131lar\u0131 bir araya g\u0259tir\u0259r\u0259k h\u0259m B2B, h\u0259m d\u0259 B2C modelind\u0259 effektiv \u0259m\u0259kda\u015fl\u0131q imkan\u0131 yarad\u0131r. Sad\u0259 interfeys, s\u00fcr\u0259tli sifari\u015f prosesi v\u0259 etibarl\u0131 xidm\u0259t modeli il\u0259 Eventrent, t\u0259dbir planlamas\u0131n\u0131 daha asan v\u0259 \u0259l\u00e7atan edir.<\/div>\r\n                        \r\n\t\t\t\t\t\t<ul class=\"options\">\r\n                        \t\t\t\t\t\t\t<li>\r\n                                <span class=\"icon\">\r\n                                    <i aria-hidden=\"true\" class=\"far fa-money-bill-alt\"><\/i>                                <\/span>\r\n                                Q\u0259na\u0259t                            <\/li>\r\n                            \t\t\t\t\t\t\t<li>\r\n                                <span class=\"icon\">\r\n                                    <i aria-hidden=\"true\" class=\"far fa-clock\"><\/i>                                <\/span>\r\n                                Operaivlik                            <\/li>\r\n                            \t\t\t\t\t\t<\/ul>\r\n\t\t\t\t\t\t<ul class=\"check-list\">\r\n                            \t\t\t\t\t\t\t    <li> S\u0259hn\u0259 avadanl\u0131qlar\u0131<\/li>\r\n\t\t\t\t\t\t\t\t\t\t\t\t\t\t    <li> \u00c7ap xidm\u0259tl\u0259ri<\/li>\r\n\t\t\t\t\t\t\t\t\t\t\t\t\t\t    <li> Dekor xidm\u0259tl\u0259ri<\/li>\r\n\t\t\t\t\t\t\t\t\t\t\t\t\t\t    <li> M\u00fcxt\u0259lif xidm\u0259t sah\u0259l\u0259ri<\/li>\r\n\t\t\t\t\t\t\t\t\t\t\t\t\t\t    <li> Ketrinq<\/li>\r\n\t\t\t\t\t\t\t\t\t\t\t\t\t\t    <li> Komanda quruculu\u011fu oyunlar\u0131<\/li>\r\n\t\t\t\t\t\t\t\t\t\t\t\t\t<\/ul>\r\n                        \t\t\t\t\t\t    <div class=\"designation\"><span>Qalib Kaz\u0131ml\u0131<\/span> T\u0259sis\u00e7i, direktor<\/div>\r\n                        \t\t\t\t\t<\/div>\r\n\t\t\t\t<\/div>\r\n\t\t\t\t\r\n\t\t\t<\/div>\r\n\t\t<\/div>\r\n\t<\/section>\r\n\t<!-- End About Section -->\r\n    \t\t\t\t<\/div>\n\t\t\t\t<\/div>\n\t\t\t\t<div class=\"elementor-element elementor-element-6d9ec0b elementor-widget__width-inherit elementor-widget elementor-widget-blox-brans-carousel-id\" data-id=\"6d9ec0b\" data-element_type=\"widget\" data-widget_type=\"blox-brans-carousel-id.default\">\n\t\t\t\t<div class=\"elementor-widget-container\">\n\t\t\t\t\t    <!-- Sponsors Section -->\r\n    <section class=\"sponsors-section\">\r\n        <div class=\"auto-container\">\r\n\t\t\t<div class=\"inner-container\">\r\n\t\t\t\t<div class=\"sponsors-outer\">\r\n\t\t\t\t\t<!-- Sponsors Carousel -->\r\n\t\t\t\t\t<ul class=\"sponsors-carousel owl-carousel owl-theme\">\r\n                        \t\t\t\t\t\t<li class=\"slide-item\"><figure class=\"image-box\"><a href=\"#\"><img decoding=\"async\" src=\"https:\/\/eventrent.az\/wp-content\/uploads\/2025\/05\/kontakt-home.png\" alt=\"\"><\/a><\/figure><\/li>\r\n                        \t\t\t\t\t\t<li class=\"slide-item\"><figure class=\"image-box\"><a href=\"#\"><img decoding=\"async\" src=\"https:\/\/eventrent.az\/wp-content\/uploads\/2025\/05\/kapital.png\" alt=\"\"><\/a><\/figure><\/li>\r\n                        \t\t\t\t\t\t<li class=\"slide-item\"><figure class=\"image-box\"><a href=\"#\"><img decoding=\"async\" src=\"https:\/\/eventrent.az\/wp-content\/uploads\/2025\/05\/azgf.png\" alt=\"\"><\/a><\/figure><\/li>\r\n                        \t\t\t\t\t<\/ul>\r\n\t\t\t\t<\/div>\r\n            <\/div>\r\n        <\/div>\r\n    <\/section>\r\n    <!-- End Sponsors Section -->\r\n    \t\t\t\t<\/div>\n\t\t\t\t<\/div>\n\t\t\t\t\t<\/div>\n\t\t<\/div>\n\t\t\t\t\t<\/div>\n\t\t<\/section>\n\t\t\t\t<section class=\"elementor-section elementor-top-section elementor-element elementor-element-dc55aed elementor-section-full_width elementor-section-height-default elementor-section-height-default\" data-id=\"dc55aed\" data-element_type=\"section\">\n\t\t\t\t\t\t<div class=\"elementor-container elementor-column-gap-no\">\n\t\t\t\t\t<div class=\"elementor-column elementor-col-100 elementor-top-column elementor-element elementor-element-2123d27\" data-id=\"2123d27\" data-element_type=\"column\">\n\t\t\t<div class=\"elementor-widget-wrap elementor-element-populated\">\n\t\t\t\t\t\t<div class=\"elementor-element elementor-element-c00a667 elementor-widget elementor-widget-blox-brans-id\" data-id=\"c00a667\" data-element_type=\"widget\" data-widget_type=\"blox-brans-id.default\">\n\t\t\t\t<div class=\"elementor-widget-container\">\n\t\t\t\t\t    <!-- Brand Section -->\r\n\t<section class=\"brand-section\">\r\n\t\t<div class=\"outer-container\">\r\n\t\t\t<div class=\"animation_mode\">\r\n                \t\t\t\t<h1>Keyfiyy\u0259t. <span>Operativlik<\/span>. <strong>T\u0259cr\u00fcb\u0259<\/strong> Bol \u00e7e\u015fid<\/h1>\r\n\r\n                \r\n                \r\n                \r\n\t\t\t\t<h1>Keyfiyy\u0259t. <span>Operativlik<\/span>. <strong>T\u0259cr\u00fcb\u0259<\/strong> Bol \u00e7e\u015fid<\/h1>\r\n\r\n                \t\t\t<\/div>\r\n\t\t<\/div>\r\n\t<\/section>\r\n\t<!-- End Brand Section -->\r\n    \t\t\t\t<\/div>\n\t\t\t\t<\/div>\n\t\t\t\t\t<\/div>\n\t\t<\/div>\n\t\t\t\t\t<\/div>\n\t\t<\/section>\n\t\t\t\t<\/div>\n\t\t","protected":false},"excerpt":{"rendered":"<p>Haqq\u0131m\u0131zda Home &nbsp; About +14 illik t\u0259cr\u00fcb\u0259 Haqq\u0131m\u0131zda T\u0259dbiriniz \u00fc\u00e7\u00fcn h\u0259r \u015fey Eventrent, t\u0259dbir avadanl\u0131qlar\u0131 v\u0259 xidm\u0259tl\u0259rinin icar\u0259sini r\u0259q\u0259msalla\u015fd\u0131raraq bu sah\u0259y\u0259 innovativ yana\u015fma g\u0259tir\u0259n m\u00fcasir platformad\u0131r. Platforma, t\u0259dbir t\u0259\u015fkilat\u00e7\u0131lar\u0131 il\u0259 t\u0259chizat\u00e7\u0131lar\u0131 bir araya g\u0259tir\u0259r\u0259k h\u0259m B2B, h\u0259m d\u0259 B2C modelind\u0259 effektiv \u0259m\u0259kda\u015fl\u0131q imkan\u0131 yarad\u0131r. Sad\u0259 interfeys, s\u00fcr\u0259tli sifari\u015f prosesi v\u0259 etibarl\u0131 xidm\u0259t modeli il\u0259 Eventrent, [&hellip;]<\/p>\n","protected":false},"author":1,"featured_media":0,"parent":0,"menu_order":0,"comment_status":"closed","ping_status":"closed","template":"bloxic-template.php","meta":{"footnotes":""},"class_list":["post-595","page","type-page","status-publish","hentry"],"_links":{"self":[{"href":"https:\/\/eventrent.az\/index.php\/wp-json\/wp\/v2\/pages\/595","targetHints":{"allow":["GET"]}}],"collection":[{"href":"https:\/\/eventrent.az\/index.php\/wp-json\/wp\/v2\/pages"}],"about":[{"href":"https:\/\/eventrent.az\/index.php\/wp-json\/wp\/v2\/types\/page"}],"author":[{"embeddable":true,"href":"https:\/\/eventrent.az\/index.php\/wp-json\/wp\/v2\/users\/1"}],"replies":[{"embeddable":true,"href":"https:\/\/eventrent.az\/index.php\/wp-json\/wp\/v2\/comments?post=595"}],"version-history":[{"count":26,"href":"https:\/\/eventrent.az\/index.php\/wp-json\/wp\/v2\/pages\/595\/revisions"}],"predecessor-version":[{"id":1471,"href":"https:\/\/eventrent.az\/index.php\/wp-json\/wp\/v2\/pages\/595\/revisions\/1471"}],"wp:attachment":[{"href":"https:\/\/eventrent.az\/index.php\/wp-json\/wp\/v2\/media?parent=595"}],"curies":[{"name":"wp","href":"https:\/\/api.w.org\/{rel}","templated":true}]}}